{"id":12,"date":"2013-11-21T20:20:49","date_gmt":"2013-11-21T19:20:49","guid":{"rendered":"http:\/\/www.dudinwine.cz\/?page_id=12"},"modified":"2014-05-16T20:46:51","modified_gmt":"2014-05-16T18:46:51","slug":"nase-vina","status":"publish","type":"page","link":"https:\/\/www.dudinwine.cz\/?page_id=12","title":{"rendered":"NA\u0160E V\u00cdNA"},"content":{"rendered":"<p><a href=\"http:\/\/www.dudinwine.cz\/wp-content\/uploads\/2013\/11\/Kolekce_dudin.jpg\"><img loading=\"lazy\" class=\"alignnone size-full wp-image-113\" alt=\"Kolekce_dudin\" src=\"http:\/\/www.dudinwine.cz\/wp-content\/uploads\/2013\/11\/Kolekce_dudin.jpg\" width=\"1000\" height=\"475\" srcset=\"https:\/\/www.dudinwine.cz\/wp-content\/uploads\/2013\/11\/Kolekce_dudin.jpg 1000w, https:\/\/www.dudinwine.cz\/wp-content\/uploads\/2013\/11\/Kolekce_dudin-300x142.jpg 300w\" sizes=\"(max-width: 1000px) 100vw, 1000px\" \/><\/a><\/p>\n<p>&nbsp;<\/p>\n<h1><a href=\"http:\/\/www.dudinwine.cz\/wp-content\/uploads\/2013\/11\/riesling_dudin.png\"><img loading=\"lazy\" class=\"size-full wp-image-78 alignleft\" alt=\"riesling_dudin\" src=\"http:\/\/www.dudinwine.cz\/wp-content\/uploads\/2013\/11\/riesling_dudin.png\" width=\"100\" height=\"356\" srcset=\"https:\/\/www.dudinwine.cz\/wp-content\/uploads\/2013\/11\/riesling_dudin.png 100w, https:\/\/www.dudinwine.cz\/wp-content\/uploads\/2013\/11\/riesling_dudin-84x300.png 84w\" sizes=\"(max-width: 100px) 100vw, 100px\" \/><\/a><\/h1>\n<h1><\/h1>\n<h1>RIESLING<\/h1>\n<p>&nbsp;<\/p>\n<p>&nbsp;<\/p>\n<p>&nbsp;<\/p>\n<p style=\"text-align: justify;\"><em>V\u00edno m\u00e1 \u017eluto-nazelenalou barvu, m\u00e1 sv\u011b\u017e\u00ed v\u016fni zelen\u00fdch jablek, medu a bylinek. Chu\u0165 je pln\u00e1 a hladk\u00e1. \u00a0<\/em><em>Ide\u00e1ln\u011b se pod\u00e1v\u00e1 p\u0159i 10\u00ba-12\u00b0C se z\u00e1kusky, mo\u0159sk\u00fdmi plody, ch\u0159estem, zelen\u00fdm sal\u00e1tem.<\/em><\/p>\n<p>&nbsp;<\/p>\n<p>&nbsp;<\/p>\n<p>&nbsp;<\/p>\n<p><img loading=\"lazy\" class=\"size-medium wp-image-82 alignleft\" alt=\"Savignon_blanc_dudin\" src=\"http:\/\/www.dudinwine.cz\/wp-content\/uploads\/2013\/11\/Savignon_blanc_dudin-84x300.png\" width=\"84\" height=\"300\" srcset=\"https:\/\/www.dudinwine.cz\/wp-content\/uploads\/2013\/11\/Savignon_blanc_dudin-84x300.png 84w, https:\/\/www.dudinwine.cz\/wp-content\/uploads\/2013\/11\/Savignon_blanc_dudin.png 100w\" sizes=\"(max-width: 84px) 100vw, 84px\" \/><\/p>\n<h1><\/h1>\n<h1>SAUVIGNON BLANC<\/h1>\n<p>&nbsp;<\/p>\n<p>&nbsp;<\/p>\n<p><em>Vlastnosti v\u016fn\u011b jarn\u00edch kv\u011btin a tr\u00e1vy, m\u00e1 charakteristickou barvu se zelen\u00fdm st\u00ednem. Vyrobeno z hrozn\u016f Sauvignon Blanc s technologi\u00ed dlouh\u00e9ho vegeta\u010dn\u00edho obdob\u00ed s v\u00edce ne\u017e 22% cukernatosti. Harmonick\u00e1 chu\u0165 tohoto v\u00edna v\u00e1m d\u00e1v\u00e1 pocit, \u017ee p\u0159ich\u00e1z\u00ed z r\u00e1je. Skv\u011ble se hod\u00ed k zeleninov\u00fdm salat\u016fm a rybam a tak\u00e9 sushi. Doporu\u010den\u00e1 teplota pod\u00e1v\u00e1n\u00ed 5\u00ba-7\u00baC<\/em><\/p>\n<p>&nbsp;<\/p>\n<p>&nbsp;<\/p>\n<h1><a href=\"http:\/\/www.dudinwine.cz\/wp-content\/uploads\/2013\/11\/chardonay.png\"><img loading=\"lazy\" class=\"size-full wp-image-93 alignleft\" alt=\"chardonay\" src=\"http:\/\/www.dudinwine.cz\/wp-content\/uploads\/2013\/11\/chardonay.png\" width=\"100\" height=\"356\" srcset=\"https:\/\/www.dudinwine.cz\/wp-content\/uploads\/2013\/11\/chardonay.png 100w, https:\/\/www.dudinwine.cz\/wp-content\/uploads\/2013\/11\/chardonay-84x300.png 84w\" sizes=\"(max-width: 100px) 100vw, 100px\" \/><\/a><\/h1>\n<h1><\/h1>\n<h1>CHARDONNAY<\/h1>\n<p>&nbsp;<\/p>\n<p>&nbsp;<\/p>\n<p style=\"text-align: justify;\"><em>V\u00edna Chardonnay jsou vyr\u00e1b\u011bna z pe\u010dliv\u011b vybran\u00fdch hrozn\u016f,\u00a0<\/em><em>sb\u00edran\u00fdch ru\u010dn\u011b, s v\u00edce ne\u017e 22% cukernatosti. M\u00e1 zlato-zelenou barvu. Slo\u017een\u00ed ovocn\u00fdch v\u016fn\u00ed, odst\u00edn tr\u00e1vy, medu a tropick\u00e9ho ovoce d\u00e1v\u00e1 bohatou a jedine\u010dn\u00e1 chu\u0165, plnou eleganci.\u00a0<\/em><em>Doporu\u010den\u00e1 teplota pro konzumaci je 1O\u00ba-12\u00baC. Hod\u00ed pro slavnostn\u00ed p\u0159\u00edle\u017eitosti. Dob\u0159e dopl\u0148uje hust\u0161\u00ed pol\u00e9vky, pokrmy s b\u00edl\u00fdm masem a smetanovou om\u00e1\u010dky. D\u00e1le je vhodn\u00e9 k pa\u0161tik\u00e1m a k plod\u016fm mo\u0159e.<\/em><\/p>\n<h1 style=\"text-align: justify;\"><a href=\"http:\/\/www.dudinwine.cz\/wp-content\/uploads\/2013\/11\/merlot_dudin.png\"><img loading=\"lazy\" class=\"size-full wp-image-95 alignleft\" alt=\"merlot_dudin\" src=\"http:\/\/www.dudinwine.cz\/wp-content\/uploads\/2013\/11\/merlot_dudin.png\" width=\"100\" height=\"356\" srcset=\"https:\/\/www.dudinwine.cz\/wp-content\/uploads\/2013\/11\/merlot_dudin.png 100w, https:\/\/www.dudinwine.cz\/wp-content\/uploads\/2013\/11\/merlot_dudin-84x300.png 84w\" sizes=\"(max-width: 100px) 100vw, 100px\" \/><\/a><\/h1>\n<h1 style=\"text-align: justify;\"><\/h1>\n<h1 style=\"text-align: justify;\">MERLOT<\/h1>\n<p>&nbsp;<\/p>\n<p>&nbsp;<\/p>\n<p>&nbsp;<\/p>\n<p style=\"text-align: justify;\"><em>V\u00edno vyroben\u00e9 z pe\u010dliv\u011b vybran\u00fdch hrozn\u016f s technologi\u00ed dlouh\u00e9ho vegeta\u010dn\u00edho obdob\u00ed. To m\u00e1 kr\u00e1snou \u010dervenou barvu s fialov\u00fdm st\u00ednem. V\u00fdrazn\u00e1 chu\u0165 bor\u016fvek a zral\u00e9 t\u0159e\u0161n\u011b. Chu\u0165 je pln\u00e1 a jemn\u00e1, elegantn\u00ed a dlouhotrvaj\u00edc\u00ed.<\/em><\/p>\n<p>&nbsp;<\/p>\n<p>&nbsp;<\/p>\n<p>&nbsp;<\/p>\n<h1 style=\"text-align: justify;\"><a href=\"http:\/\/www.dudinwine.cz\/wp-content\/uploads\/2013\/11\/cabernet_sauvignon_dudin.png\"><img loading=\"lazy\" class=\"size-full wp-image-97 alignleft\" alt=\"cabernet_sauvignon_dudin\" src=\"http:\/\/www.dudinwine.cz\/wp-content\/uploads\/2013\/11\/cabernet_sauvignon_dudin.png\" width=\"100\" height=\"356\" srcset=\"https:\/\/www.dudinwine.cz\/wp-content\/uploads\/2013\/11\/cabernet_sauvignon_dudin.png 100w, https:\/\/www.dudinwine.cz\/wp-content\/uploads\/2013\/11\/cabernet_sauvignon_dudin-84x300.png 84w\" sizes=\"(max-width: 100px) 100vw, 100px\" \/><\/a>CABERNET SAUVIGNON<\/h1>\n<p>&nbsp;<\/p>\n<p>&nbsp;<\/p>\n<p>&nbsp;<\/p>\n<p>&nbsp;<\/p>\n<p style=\"text-align: justify;\"><em>Kvalitn\u00ed such\u00e9 \u010derven\u00e9 v\u00edno vyroben\u00e9 z hrozn\u016f Cabernet Sauvignon. V\u00edno kr\u00e1sn\u00e9 rub\u00ednov\u00e9 barvy, se zvl\u00e1\u0161tn\u00ed ovocnou chuti dob\u0159e vyzr\u00e1l\u00fdch \u010derven\u00fdch hrozn\u016f, lesn\u00edch plod\u016f. V\u00edno pln\u00e9 harmonie s dobr\u00fdm potenci\u00e1lem<\/em><\/p>\n<p>&nbsp;<\/p>\n<p>&nbsp;<\/p>\n<p>&nbsp;<\/p>\n<p>&nbsp;<\/p>\n<h1><a href=\"http:\/\/www.dudinwine.cz\/wp-content\/uploads\/2013\/11\/roze_dudin.png\"><img loading=\"lazy\" class=\"size-full wp-image-98 alignleft\" alt=\"roze_dudin\" src=\"http:\/\/www.dudinwine.cz\/wp-content\/uploads\/2013\/11\/roze_dudin.png\" width=\"100\" height=\"356\" srcset=\"https:\/\/www.dudinwine.cz\/wp-content\/uploads\/2013\/11\/roze_dudin.png 100w, https:\/\/www.dudinwine.cz\/wp-content\/uploads\/2013\/11\/roze_dudin-84x300.png 84w\" sizes=\"(max-width: 100px) 100vw, 100px\" \/><\/a>ROZE<\/h1>\n<p>&nbsp;<\/p>\n<p>&nbsp;<\/p>\n<p>&nbsp;<\/p>\n<p>&nbsp;<\/p>\n<p style=\"text-align: justify;\"><em>V\u00edno vyr\u00e1b\u00ed se z pe\u010dliv\u011b vybran\u00fdch hrozn\u016f Cabernet Sauvignon. M\u00e1 jemnou r\u016f\u017eovou barvu a jedine\u010dnou chu\u0165 jahod a malin. Harmonick\u00e1 a elegantn\u00ed chu\u0165, kter\u00e1 na dlouho z\u016fstane ve V\u00e1\u0161i pam\u011bti<\/em><\/p>\n<p>&nbsp;<\/p>\n<p>&nbsp;<\/p>\n<p>&nbsp;<\/p>\n<h1><a href=\"http:\/\/www.dudinwine.cz\/wp-content\/uploads\/2013\/11\/temjanika_dudin.png\"><img loading=\"lazy\" class=\"size-full wp-image-103 alignleft\" alt=\"temjanika_dudin\" src=\"http:\/\/www.dudinwine.cz\/wp-content\/uploads\/2013\/11\/temjanika_dudin.png\" width=\"100\" height=\"356\" srcset=\"https:\/\/www.dudinwine.cz\/wp-content\/uploads\/2013\/11\/temjanika_dudin.png 100w, https:\/\/www.dudinwine.cz\/wp-content\/uploads\/2013\/11\/temjanika_dudin-84x300.png 84w\" sizes=\"(max-width: 100px) 100vw, 100px\" \/><\/a>TEMJANIKA<\/h1>\n<p>&nbsp;<\/p>\n<p>&nbsp;<\/p>\n<p>&nbsp;<\/p>\n<p>&nbsp;<\/p>\n<p style=\"text-align: justify;\"><em>V\u00edno vyroben\u00e9 z pe\u010dliv\u011b vybran\u00fdch hrozn\u016f Temjanika. M\u00e1 \u017eluto-zelenou barvu, intenzivn\u00ed aroma charakteristick\u00e9 pro tuto odr\u016fdu. Chu\u0165 dominuj\u00ed kv\u011btinov\u00e9 a ovocn\u00e9 t\u00f3ny r\u016f\u017ee, z\u00e1kladn\u00ed a such\u00e9 meru\u0148ky. Chu\u0165 je vyv\u00e1\u017een\u00e1 a pln\u00e1 harmonie. Doporu\u010den\u00e1 teplota pro konzumaci je 8-10 \u00b0 C.<\/em><\/p>\n<h1 style=\"text-align: justify;\"><a href=\"http:\/\/www.dudinwine.cz\/wp-content\/uploads\/2013\/11\/akrato_barrique_white_dudin.png\"><img loading=\"lazy\" class=\"size-full wp-image-105 alignleft\" alt=\"akrato_barrique_white_dudin\" src=\"http:\/\/www.dudinwine.cz\/wp-content\/uploads\/2013\/11\/akrato_barrique_white_dudin.png\" width=\"100\" height=\"356\" srcset=\"https:\/\/www.dudinwine.cz\/wp-content\/uploads\/2013\/11\/akrato_barrique_white_dudin.png 100w, https:\/\/www.dudinwine.cz\/wp-content\/uploads\/2013\/11\/akrato_barrique_white_dudin-84x300.png 84w\" sizes=\"(max-width: 100px) 100vw, 100px\" \/><\/a>AKRATO BARRIQUE CHARDONNAY<\/h1>\n<p>&nbsp;<\/p>\n<p>&nbsp;<\/p>\n<p>&nbsp;<\/p>\n<p>&nbsp;<\/p>\n<p>&nbsp;<\/p>\n<p style=\"text-align: justify;\"><em>Jakostn\u00ed such\u00e9 b\u00edl\u00e9 v\u00edno z odr\u016fdy Chardonnay, zraj\u00edc\u00ed dvan\u00e1ct m\u011bs\u00edc\u016f v dubov\u00fdch sudech. P\u016fsobiv\u00e1 chu\u0165 tropick\u00e9ho ovoce, medu skapkou vanilky a dubu.<\/em><br \/>\n<em>Oce\u0148en\u00ed: Bronze medal &#8211; Chardonnay Du Monde 2009, France<\/em><\/p>\n<p>&nbsp;<\/p>\n<h1><span style=\"line-height: 1.5em; font-size: 14px;\">\u00a0<\/span><\/h1>\n<p style=\"text-align: justify;\"><em><a href=\"http:\/\/www.dudinwine.cz\/wp-content\/uploads\/2013\/11\/akrato_barique.png\"><img loading=\"lazy\" class=\"size-full wp-image-220 alignleft\" style=\"margin-left: 10px; margin-right: 10px;\" alt=\"akrato_barique\" src=\"http:\/\/www.dudinwine.cz\/wp-content\/uploads\/2013\/11\/akrato_barique.png\" width=\"100\" height=\"355\" \/><\/a><\/em><\/p>\n<h1 style=\"text-align: left;\">AKRATO BARRIQUE CABERNET SAUVIGNON<\/h1>\n<p style=\"text-align: justify;\"><em>Kvalitn\u00ed such\u00e9 \u010derven\u00e9 v\u00edno, vyroben\u00e9 z odr\u016fdy Cabernet Sauvignon. Zr\u00e1j\u00edc\u00ed patnact m\u011bs\u00edc\u016f v dubov\u00fdch sudech. M\u00e1 aroma d\u017eemu a suchych list\u016f. V\u00edno s nadech\u00e9m bor\u016fvek a vanilky. Hladk\u00e1, sametov\u00e1 a dlouhotrvaj\u00edc\u00ed chu\u0165.<\/em><\/p>\n<h1 style=\"text-align: justify;\"><\/h1>\n<h1 style=\"text-align: justify;\"><\/h1>\n<h1 style=\"text-align: justify;\"><\/h1>\n<h1 style=\"text-align: justify;\"><\/h1>\n<h1 style=\"text-align: justify;\"><\/h1>\n<p>&nbsp;<\/p>\n<p>&nbsp;<\/p>\n<p>&nbsp;<\/p>\n<h1 style=\"text-align: left;\"><a href=\"http:\/\/www.dudinwine.cz\/wp-content\/uploads\/2013\/11\/akrato_barrique_merlot.png\"><img loading=\"lazy\" class=\" wp-image-108 alignleft\" alt=\"akrato_barrique_merlot\" src=\"http:\/\/www.dudinwine.cz\/wp-content\/uploads\/2013\/11\/akrato_barrique_merlot.png\" width=\"148\" height=\"356\" \/><\/a>AKRATO \u00a0BARRIQUE MERLOT<\/h1>\n<p>&nbsp;<\/p>\n<p>&nbsp;<\/p>\n<p>&nbsp;<\/p>\n<p><em>Kvalitn\u00ed such\u00e9 \u010derven\u00e9 v\u00edno vyroben\u00e9 z hrozn\u016f Merlot, kter\u00e9\u00a0zraje dvan\u00e1ct m\u011bs\u00edc\u016f v dubov\u00fdch sudech. V\u00edno m\u00e1 hlubokou\u00a0rub\u00ednov\u011b \u010dervenou barvu a obrovskou kytici v\u016fn\u00ed\u00a0vyzr\u00e1l\u00e9ho \u010derven\u00e9ho ovoce, rozinek, vanilkov\u00fd a exotick\u00e9ho\u00a0ko\u0159en\u00ed.\u00a0<\/em><\/p>\n<p><em><\/em><em>Oce\u0148en\u00ed: Gold Medal Winner on China Wine Awards 2012 &#8211; Akrato Barrique Merlot 2006<\/em><\/p>\n<p>&nbsp;<\/p>\n","protected":false},"excerpt":{"rendered":"<p>&nbsp; RIESLING &nbsp; &nbsp; &nbsp; V\u00edno m\u00e1 \u017eluto-nazelenalou barvu, m\u00e1 sv\u011b\u017e\u00ed v\u016fni zelen\u00fdch jablek, medu a bylinek. Chu\u0165 je pln\u00e1 a hladk\u00e1. \u00a0Ide\u00e1ln\u011b se pod\u00e1v\u00e1 p\u0159i 10\u00ba-12\u00b0C se z\u00e1kusky, mo\u0159sk\u00fdmi plody, ch\u0159estem, zelen\u00fdm sal\u00e1tem. &nbsp; &nbsp; &nbsp; SAUVIGNON BLANC &nbsp; &nbsp; Vlastnosti v\u016fn\u011b jarn\u00edch kv\u011btin a tr\u00e1vy, m\u00e1 charakteristickou barvu se zelen\u00fdm st\u00ednem. Vyrobeno z [&hellip;]<\/p>\n","protected":false},"author":1,"featured_media":0,"parent":0,"menu_order":40,"comment_status":"closed","ping_status":"closed","template":"","meta":[],"_links":{"self":[{"href":"https:\/\/www.dudinwine.cz\/index.php?rest_route=\/wp\/v2\/pages\/12"}],"collection":[{"href":"https:\/\/www.dudinwine.cz\/index.php?rest_route=\/wp\/v2\/pages"}],"about":[{"href":"https:\/\/www.dudinwine.cz\/index.php?rest_route=\/wp\/v2\/types\/page"}],"author":[{"embeddable":true,"href":"https:\/\/www.dudinwine.cz\/index.php?rest_route=\/wp\/v2\/users\/1"}],"replies":[{"embeddable":true,"href":"https:\/\/www.dudinwine.cz\/index.php?rest_route=%2Fwp%2Fv2%2Fcomments&post=12"}],"version-history":[{"count":43,"href":"https:\/\/www.dudinwine.cz\/index.php?rest_route=\/wp\/v2\/pages\/12\/revisions"}],"predecessor-version":[{"id":231,"href":"https:\/\/www.dudinwine.cz\/index.php?rest_route=\/wp\/v2\/pages\/12\/revisions\/231"}],"wp:attachment":[{"href":"https:\/\/www.dudinwine.cz\/index.php?rest_route=%2Fwp%2Fv2%2Fmedia&parent=12"}],"curies":[{"name":"wp","href":"https:\/\/api.w.org\/{rel}","templated":true}]}}