{"id":353,"date":"2017-10-27T14:32:29","date_gmt":"2017-10-27T12:32:29","guid":{"rendered":"http:\/\/www.dudinwine.cz\/?page_id=353"},"modified":"2017-10-27T14:32:29","modified_gmt":"2017-10-27T12:32:29","slug":"obchodni-podminky","status":"publish","type":"page","link":"https:\/\/www.dudinwine.cz\/?page_id=353","title":{"rendered":"Obchodn\u00ed podm\u00ednky"},"content":{"rendered":"<p><em>I. \u00davodn\u00ed ustanoven\u00ed<\/em><\/p>\n<ol>\n<li>Tyto obchodn\u00ed podm\u00ednky plat\u00ed pro n\u00e1kup v\u00a0internetov\u00e9m obchod\u011b www.dudinwine.cz. Podm\u00ednky bl\u00ed\u017ee vymezuj\u00ed a\u00a0up\u0159es\u0148uj\u00ed pr\u00e1va a\u00a0povinnosti prod\u00e1vaj\u00edc\u00edho (provozovatele) a\u00a0kupuj\u00edc\u00edho (z\u00e1kazn\u00edka).<\/li>\n<li>Provozovatelem internetov\u00e9ho obchodu je Foodbusiness s.r.o., se s\u00eddlem: Praha 5, Hole\u010dkova 789\/46, PS\u010c 150 00, I\u010cO: 01581325<\/li>\n<li>Prost\u0159ednictv\u00edm katalogu zbo\u017e\u00ed, nach\u00e1zej\u00edc\u00edho se internetov\u00e9 adrese www.dudinwine.cz a\u00a0ur\u010den\u00e9ho k\u00a0objedn\u00e1v\u00e1n\u00ed ze\u00a0strany z\u00e1kazn\u00edk\u016f, \u010din\u00ed provozovatel z\u00e1kazn\u00edk\u016fm v\u00fdzvu k\u00a0pod\u00e1v\u00e1n\u00ed n\u00e1vrh\u016f (objedn\u00e1vek) na koupi zbo\u017e\u00ed.<\/li>\n<li>Je-li kupuj\u00edc\u00ed spot\u0159ebitelem, uzav\u00edraj\u00ed strany prost\u0159ednictv\u00edm internetov\u00e9ho obchodu www.dudinwine.cz a\u00a0n\u00e1sledn\u00e9ho jedn\u00e1n\u00ed smlouvy o\u00a0dod\u00e1vce n\u00e1poj\u016f dod\u00e1van\u00fdch do spot\u0159ebitelovy dom\u00e1cnosti nebo do jin\u00e9ho m\u00edsta, kter\u00e9\u00a0spot\u0159ebitel ur\u010dil. Ve\u00a0smyslu ust. \u00a7 1840\u00a0p\u00edsm. g) z\u00e1kona \u010d. 89\/2012 Sb., ob\u010dansk\u00fd z\u00e1kon\u00edk, se na tyto smlouvy nepou\u017eij\u00ed stanoven\u00ed \u010d\u00e1sti \u010dtvrt\u00e9, hlavy I, d\u00edlu 4, odd\u00edlu 2\u00a0(uzav\u00edr\u00e1n\u00ed smluv distan\u010dn\u00edm zp\u016fsobem a\u00a0z\u00e1vazky ze\u00a0smluv uzav\u00edran\u00fdch mimo obchodn\u00ed prostory), pododd\u00edlu 1\u00a0ob\u010dansk\u00e9ho\u00a0z\u00e1kon\u00edku.<\/li>\n<\/ol>\n<p><em>II. Objedn\u00e1vka a\u00a0uzav\u0159en\u00ed kupn\u00ed smlouvy<\/em><\/p>\n<ol>\n<li>Vypln\u011bn\u00edm a\u00a0odesl\u00e1n\u00edm objedn\u00e1vkov\u00e9ho formul\u00e1\u0159e v\u00a0internetov\u00e9m obchod\u011b \u010din\u00ed z\u00e1kazn\u00edk z\u00e1vaznou objedn\u00e1vku. Pod\u00e1n\u00edm objedn\u00e1vky kupuj\u00edc\u00ed stvrzuje, \u017ee se sezn\u00e1mil s\u00a0t\u011bmito obchodn\u00edmi podm\u00ednkami, jako\u017e i\u00a0reklama\u010dn\u00edm \u0159\u00e1dem, a\u00a0\u017ee s\u00a0nimi souhlas\u00ed.<\/li>\n<li>Objedn\u00e1vka je n\u00e1vrhem kupn\u00ed smlouvy adresovan\u00fdm prod\u00e1vaj\u00edc\u00edmu. Obdr\u017een\u00ed objedn\u00e1vky potvrzuje prod\u00e1vaj\u00edc\u00ed neprodlen\u011b kupuj\u00edc\u00edmu elektronickou po\u0161tou na adresu, kterou kupuj\u00edc\u00ed uvedl v\u00a0objedn\u00e1vce. Kupn\u00ed smlouva vznik\u00e1 dod\u00e1n\u00edm objednan\u00e9ho zbo\u017e\u00ed kupuj\u00edc\u00edmu, tj.\u00a0v okam\u017eiku p\u0159evzet\u00ed zbo\u017e\u00ed kupuj\u00edc\u00edm.<\/li>\n<li>Podm\u00ednkou platnosti elektronick\u00e9 objedn\u00e1vky je vypln\u011bn\u00ed ve\u0161ker\u00fdch formul\u00e1\u0159em p\u0159edepsan\u00fdch \u00fadaj\u016f a\u00a0n\u00e1le\u017eitost\u00ed. Minim\u00e1ln\u00ed mno\u017estv\u00ed pro jednu objedn\u00e1vku je 1\u00a0lahev .<\/li>\n<li>M\u00edstem dod\u00e1n\u00ed zbo\u017e\u00ed je adresa uveden\u00e1 kupuj\u00edc\u00edm v\u00a0objedn\u00e1vkov\u00e9m formul\u00e1\u0159i.<\/li>\n<li>Zp\u016fsob placen\u00ed kupn\u00ed ceny a\u00a0zp\u016fsob doru\u010den\u00ed zbo\u017e\u00ed vol\u00ed kupuj\u00edc\u00ed p\u0159i vypl\u0148ov\u00e1n\u00ed objedn\u00e1vkov\u00e9ho formul\u00e1\u0159e.<\/li>\n<li>Dodac\u00ed podm\u00ednky najd\u011bte na internetov\u00e9 adrese <a href=\"http:\/\/www.dudinwine.cz\/\">www.dudinwine.cz<\/a>. Tyto dodac\u00ed podm\u00ednky jsou sou\u010d\u00e1st\u00ed t\u011bchto obchodn\u00edch podm\u00ednek.<\/li>\n<li>Vlastnick\u00e9 pr\u00e1vo ke\u00a0zbo\u017e\u00ed p\u0159ech\u00e1z\u00ed na kupuj\u00edc\u00edho, pod podm\u00ednkou zaplacen\u00ed kupn\u00ed ceny, jeho p\u0159evzet\u00edm.<\/li>\n<li>Za posl\u00e1n\u00ed z\u00e1silky \u00fa\u010dtuje provozovatel <strong>dopravn\u00e9 ve\u00a0v\u00fd\u0161\u00ed 110\u00a0K\u010d (v p\u0159\u00edpad\u011b doru\u010den\u00ed z\u00e1silky k\u00a0z\u00e1kazn\u00edkovi dom\u016f) a\u00a070 K\u010d (v p\u0159\u00edpad\u011b doru\u010den\u00ed z\u00e1silky na jedno z\u00a0v\u00fddejn\u00edch m\u00edst) a\u00a0to na ka\u017edou objedn\u00e1vku (bez ohledu na po\u010det pos\u00edlan\u00fdch l\u00e1hv\u00ed) v\u00a0t\u011bch p\u0159\u00edpadech, kdy objednan\u00e9 mno\u017estv\u00ed lahv\u00ed nep\u0159evy\u0161uje 30\u00a0ks<\/strong>. V\u00a0ostatn\u00edch p\u0159\u00edpadech \u00fa\u010dtuje provozovatel dopravn\u00e9 ve\u00a0v\u00fd\u0161i skute\u010dn\u00fdch n\u00e1klad\u016f vynalo\u017een\u00fdch na p\u0159epravu z\u00e1silky kupuj\u00edc\u00edmu\u00a0a\u00a0je vypo\u010d\u00edt\u00e1no individu\u00e1ln\u011b. Baln\u00e9 provozovatel ne\u00fa\u010dtuje.<\/li>\n<li>Platba dob\u00edrkou je zpoplatn\u011bna \u010d\u00e1stkou 30\u00a0K\u010d.<\/li>\n<li>Vypln\u011bn\u00edm registra\u010dn\u00edho formul\u00e1\u0159e, \u010di z\u00e1vazn\u00e9 objedn\u00e1vky v\u00a0r\u00e1mci internetov\u00e9ho obchodu dudinwine.cz, kupuj\u00edc\u00ed d\u00e1v\u00e1 prod\u00e1vaj\u00edc\u00edmu souhlas ke\u00a0shroma\u017e\u010fov\u00e1n\u00ed a\u00a0archivov\u00e1n\u00ed osobn\u00edch \u00fadaj\u016f o\u00a0kupuj\u00edc\u00edm a\u00a0o jeho n\u00e1kupech a\u00a0k jejich obchodn\u00edmu a\u00a0marketingov\u00e9mu vyu\u017eit\u00ed. Osobn\u00ed \u00fadaje nebudou poskytnuty t\u0159et\u00edm osob\u00e1m (s\u00a0v\u00fdjimkou uvedenou d\u00e1le).<\/li>\n<li>Dal\u0161\u00ed d\u016fle\u017eit\u00e9 upozorn\u011bn\u00ed \u2013 V\u00a0d\u016fsledku skute\u010dnosti zm\u00edn\u011bn\u00e9 ve\u00a0\u010dl\u00e1nku I\u00a0odst. 4\u00a0t\u011bchto obchodn\u00edch podm\u00ednek se na smlouvy uzav\u00edran\u00e9 prost\u0159ednictv\u00edm internetov\u00e9ho obchodu dudinwine.cz a\u00a0n\u00e1sledn\u00e9ho jedn\u00e1n\u00ed nepou\u017eij\u00ed ustanoven\u00ed \u00a7 1829\u00a0an. ob\u010dansk\u00e9ho z\u00e1kon\u00edku o\u00a0odstoupen\u00ed od smlouvy ve\u00a0\u010dtrn\u00e1ctidenn\u00ed lh\u016ft\u011b. Pr\u00e1vo na odstoupen\u00ed od smlouvy v\u00a0jin\u00fdch p\u0159\u00edpadech, ne\u017e jsou p\u0159\u00edpady upraven\u00e9 v\u00a0\u010d\u00e1sti \u010dtvrt\u00e9, hlav\u011b I, d\u00edlu 4, odd. 2, pododd. 1\u00a0ob\u010dansk\u00e9ho z\u00e1kon\u00edku, t\u00edm nen\u00ed dot\u010deno. Pro odstoupen\u00ed od smlouvy nen\u00ed stanovena forma z\u00e1vazn\u00e9ho formul\u00e1\u0159e.<\/li>\n<\/ol>\n<p><em>III. Reklama\u010dn\u00ed \u0159\u00e1d<\/em><\/p>\n<ol>\n<li>V p\u0159\u00edpad\u011b, \u017ee z\u00e1silka vykazuje zjevn\u00e9 vady p\u0159epravn\u00edho obalu (protr\u017een\u00ed, rozbit\u00ed, apod.) nebo obsahu (zvuk zjevn\u011b rozbit\u00fdch l\u00e1hv\u00ed, prosakov\u00e1n\u00ed v\u00edna obalem apod.), je kupuj\u00edc\u00ed opr\u00e1vn\u011bn odm\u00edtnout p\u0159evzet\u00ed. V\u00a0tomto p\u0159\u00edpad\u011b bude z\u00e1silka automaticky zasl\u00e1na zp\u011bt a\u00a0bude expedov\u00e1na nov\u00e1 z\u00e1silka.<\/li>\n<li>Vzhledem k\u00a0charakteru zbo\u017e\u00ed a\u00a0ur\u010den\u00ed jeho pou\u017eit\u00ed, garantuje prod\u00e1vaj\u00edc\u00ed kvalitu zbo\u017e\u00ed u\u00a0tohoto druhu obvyklou. Ve\u0161ker\u00e9 reklamace mus\u00ed b\u00fdt uplatn\u011bny bezodkladn\u011b a\u00a0to e-mailem zaslan\u00fdm na adresu info@dudinwine.cz . Prod\u00e1vaj\u00edc\u00ed p\u0159ijme t\u00e9\u017e reklamace uplatn\u011bn\u00e9 kupuj\u00edc\u00edm p\u00edsemn\u011b z\u00e1silkou zaslanou do s\u00eddla prod\u00e1vaj\u00edc\u00edho. V\u00a0ozn\u00e1men\u00ed o\u00a0reklamaci kupuj\u00edc\u00ed mimo jin\u00e9 ozna\u010d\u00ed nezam\u011bniteln\u011b dod\u00e1vku zbo\u017e\u00ed, kter\u00e1 reklamovan\u00e9 zbo\u017e\u00ed obsahovala, a\u00a0to nap\u0159. \u010d\u00edslem objedn\u00e1vky, p\u0159\u00edp. \u00fadajem o\u00a0tom, \u017ee zbo\u017e\u00ed bylo koupeno prost\u0159ednictv\u00edm internetov\u00e9ho obchodu dudinwine.cz.<\/li>\n<li>Zjist\u00ed-li kupuj\u00edc\u00ed, \u017ee zbo\u017e\u00ed m\u00e1 vady, ozn\u00e1m\u00ed to bez zbyte\u010dn\u00e9ho odkladu prod\u00e1vaj\u00edc\u00edmu a\u00a0vadn\u00e9 zbo\u017e\u00ed prod\u00e1vaj\u00edc\u00edmu vr\u00e1t\u00ed v\u00a0p\u016fvodn\u00edm obalu \u2013 l\u00e1hvi opat\u0159en\u00e9 p\u016fvodn\u00ed z\u00e1tkou a\u00a0pln\u00e9 (s p\u016fvodn\u00edm obsahem) alespo\u0148 ze\u00a0dvou t\u0159etin tak, aby vada mohla b\u00fdt p\u0159ezkoum\u00e1na. Kupuj\u00edc\u00ed doru\u010d\u00ed reklamovan\u00e9 zbo\u017e\u00ed na sv\u016fj n\u00e1klad prod\u00e1vaj\u00edc\u00edmu do \u00a0jeho s\u00eddla. Kupuj\u00edc\u00ed vytkne vadu zbo\u017e\u00ed bu\u010f ozna\u010den\u00edm vady, nebo ozn\u00e1men\u00edm, jak se projevuje. V\u00a0p\u0159\u00edpad\u011b opr\u00e1vn\u011bn\u00e9 reklamace prod\u00e1vaj\u00edc\u00ed kupuj\u00edc\u00edmu nahrad\u00ed n\u00e1klady vynalo\u017een\u00e9 kupuj\u00edc\u00edm na doru\u010den\u00ed reklamovan\u00e9ho zbo\u017e\u00ed prod\u00e1vaj\u00edc\u00edmu, a\u00a0to do v\u00fd\u0161e odpov\u00eddaj\u00edc\u00ed nejlevn\u011bj\u0161\u00edmu z\u00a0obvykl\u00fdch zp\u016fsob\u016f doru\u010den\u00ed zbo\u017e\u00ed.<\/li>\n<li>Prod\u00e1vaj\u00edc\u00ed vyd\u00e1 kupuj\u00edc\u00edmu p\u00edsemn\u00e9 potvrzen\u00ed o\u00a0tom, kdy kupuj\u00edc\u00ed pr\u00e1vo z\u00a0vadn\u00e9ho pln\u011bn\u00ed uplatnil, co je obsahem reklamace a\u00a0jak\u00fd zp\u016fsob vy\u0159\u00edzen\u00ed reklamace kupuj\u00edc\u00ed po\u017eaduje; a\u00a0d\u00e1le p\u00edsemn\u00e9 potvrzen\u00ed o\u00a0datu a\u00a0zp\u016fsobu vy\u0159\u00edzen\u00ed reklamace, p\u0159\u00edpadn\u011b p\u00edsemn\u00e9 od\u016fvodn\u011bn\u00ed zam\u00edtnut\u00ed reklamace. P\u00edsemn\u00e9 potvrzen\u00ed o\u00a0uplatn\u011bn\u00ed reklamace vyd\u00e1 prod\u00e1vaj\u00edc\u00ed kupuj\u00edc\u00edmu p\u0159i osobn\u00edm uplatn\u011bn\u00ed reklamace kupuj\u00edc\u00edm okam\u017eit\u011b na m\u00edst\u011b sam\u00e9m a\u00a0v\u00a0p\u0159\u00edpad\u011b p\u00edsemn\u00e9 reklamace bez zbyte\u010dn\u00e9ho odkladu (zpravidla do 3\u00a0pracovn\u00edch dn\u016f) e-mailem zaslan\u00fdm kupuj\u00edc\u00edmu na adresu kupuj\u00edc\u00edho, kter\u00e1 je prod\u00e1vaj\u00edc\u00edmu zn\u00e1ma, anebo po\u0161tovn\u00ed z\u00e1silkou t\u00e9\u017e na adresu kupuj\u00edc\u00edho. P\u00edsemn\u00e9 potvrzen\u00ed o\u00a0vy\u0159\u00edzen\u00ed reklamace vyd\u00e1 prod\u00e1vaj\u00edc\u00ed kupuj\u00edc\u00edmu ve\u00a0lh\u016ft\u00e1ch dle odstavce 5\u00a0tohoto reklama\u010dn\u00edho \u0159\u00e1du e-mailem zaslan\u00fdm kupuj\u00edc\u00edmu na adresu kupuj\u00edc\u00edho, kter\u00e1 je prod\u00e1vaj\u00edc\u00edmu zn\u00e1ma, anebo po\u0161tovn\u00ed z\u00e1silkou t\u00e9\u017e na adresu kupuj\u00edc\u00edho, p\u0159\u00edp. si je po dohod\u011b kupuj\u00edc\u00ed vyzvedne na m\u00edst\u011b, kde reklamaci uplatnil.<\/li>\n<li>Prod\u00e1vaj\u00edc\u00ed rozhodne o\u00a0reklamaci ihned, ve\u00a0slo\u017eit\u00fdch p\u0159\u00edpadech do t\u0159\u00ed pracovn\u00edch dn\u016f. Do t\u00e9to lh\u016fty se nezapo\u010d\u00edt\u00e1v\u00e1 p\u0159im\u011b\u0159en\u00e1 doba pot\u0159ebn\u00e1 k\u00a0odborn\u00e9mu posouzen\u00ed vady. Reklamace mus\u00ed b\u00fdt vy\u0159\u00edzena bez zbyte\u010dn\u00e9ho odkladu, nejpozd\u011bji do 30\u00a0dn\u016f ode dne jej\u00edho uplatn\u011bn\u00ed.<\/li>\n<li>Kupuj\u00edc\u00ed sd\u011bl\u00ed prod\u00e1vaj\u00edc\u00edmu, jak\u00e9 pr\u00e1vo z\u00a0vadn\u00e9ho pln\u011bn\u00ed si zvolil, p\u0159i ozn\u00e1men\u00ed vady, nebo bez zbyte\u010dn\u00e9ho odkladu pot\u00e9. Je-li zbo\u017e\u00ed vadn\u00e9, m\u016f\u017ee kupuj\u00edc\u00ed po\u017eadovat dod\u00e1n\u00ed nov\u00e9ho zbo\u017e\u00ed bez vad anebo p\u0159im\u011b\u0159enou slevu. Nen\u00ed-li dod\u00e1n\u00ed nov\u00e9ho zbo\u017e\u00ed bez vad mo\u017en\u00e9 (nap\u0159. v\u00a0d\u016fsledku vy\u010derp\u00e1n\u00ed z\u00e1sob), m\u016f\u017ee kupuj\u00edc\u00ed od smlouvy odstoupit. Kupuj\u00edc\u00ed m\u016f\u017ee od smlouvy odstoupit t\u00e9\u017e pro opakovan\u00fd v\u00fdskyt vady a\u00a0rovn\u011b\u017e tehdy, pokud prod\u00e1vaj\u00edc\u00ed reklamaci v\u010das nevy\u0159\u00edd\u00ed.<\/li>\n<li>Kupuj\u00edc\u00ed je opr\u00e1vn\u011bn uplatnit pr\u00e1vo z\u00a0vady, kter\u00e1 se u\u00a0zbo\u017e\u00ed vyskytne, v\u00a0dob\u011b dvaceti \u010dty\u0159 m\u011bs\u00edc\u016f od p\u0159evzet\u00ed zbo\u017e\u00ed.<\/li>\n<li>Po\u017e\u00e1d\u00e1-li o\u00a0to kupuj\u00edc\u00ed, potvrd\u00ed mu prod\u00e1vaj\u00edc\u00ed v\u00a0p\u00edsemn\u00e9 form\u011b, v\u00a0jak\u00e9m rozsahu a\u00a0po jakou dobu trvaj\u00ed jeho povinnosti v\u00a0p\u0159\u00edpad\u011b vadn\u00e9ho pln\u011bn\u00ed.<\/li>\n<li>Ustanoven\u00ed odstavc\u016f 4, 5, 7\u00a0a 8\u00a0tohoto reklama\u010dn\u00edho \u0159\u00e1du se nepou\u017eij\u00ed v\u00a0p\u0159\u00edpad\u011b, kupuje-li v\u011bc v\u00a0internetov\u00e9m obchod\u011b podnikatel ve\u00a0z\u0159ejm\u00e9 souvislosti s\u00a0vlastn\u00ed podnikatelskou \u010dinnost\u00ed. V\u00a0takov\u00e9m p\u0159\u00edpad\u011b se postupuje dle p\u0159\u00edslu\u0161n\u00fdch ustanoven\u00ed z\u00e1kona.<\/li>\n<li>P\u0159i dod\u00e1n\u00ed nov\u00e9ho zbo\u017e\u00ed bez vad si prod\u00e1vaj\u00edc\u00ed ponech\u00e1 vadn\u00e9 zbo\u017e\u00ed p\u0159evzat\u00e9 od kupuj\u00edc\u00edho pro \u00fa\u010dely posouzen\u00ed reklamace.<\/li>\n<\/ol>\n<p><em>IV. Dal\u0161\u00ed pr\u00e1va a\u00a0povinnosti prod\u00e1vaj\u00edc\u00edho<\/em><\/p>\n<ol>\n<li>Prod\u00e1vaj\u00edc\u00ed vystav\u00ed v\u00a0souvislosti s\u00a0prodejem da\u0148ov\u00fd doklad, kter\u00fd kupuj\u00edc\u00ed obdr\u017e\u00ed ke\u00a0zbo\u017e\u00ed p\u0159i p\u0159evzet\u00ed zbo\u017e\u00ed od na\u0161eho p\u0159epravce, p\u0159\u00edp. p\u0159i osobn\u00edm odb\u011bru.<\/li>\n<li>Ve\u0161ker\u00e9 osobn\u00ed \u00fadaje poskytnut\u00e9 p\u0159i registraci jsou d\u016fv\u011brn\u00e9 a\u00a0nebudou poskytnuty t\u0159et\u00edm osob\u00e1m.<\/li>\n<li>Prod\u00e1vaj\u00edc\u00ed m\u00e1 povinnost vymazat registrovan\u00e9ho z\u00e1kazn\u00edka z\u00a0datab\u00e1ze v\u00a0p\u0159\u00edpad\u011b, \u017ee o\u00a0to z\u00e1kazn\u00edk p\u00edsemn\u011b po\u017e\u00e1d\u00e1.<\/li>\n<li>Prod\u00e1vaj\u00edc\u00ed m\u00e1 pr\u00e1vo odm\u00edtnout objedn\u00e1vku, pokud kupuj\u00edc\u00ed v\u00a0minulosti nesplnil sv\u016fj z\u00e1vazek odebrat zbo\u017e\u00ed a\u00a0zaplatit kupn\u00ed cenu.<\/li>\n<li>Prod\u00e1vaj\u00edc\u00ed m\u00e1 takt\u00e9\u017e pr\u00e1vo odm\u00edtnout objedn\u00e1vku z\u00a0d\u016fvodu vy\u010derp\u00e1n\u00ed z\u00e1sob objednan\u00e9ho zbo\u017e\u00ed.<\/li>\n<\/ol>\n<p><em>V. Dal\u0161\u00ed pr\u00e1va a\u00a0povinnosti kupuj\u00edc\u00edho<\/em><\/p>\n<ol>\n<li>Kupuj\u00edc\u00ed je povinen uv\u00e9st spr\u00e1vn\u00e9 a\u00a0\u00fapln\u00e9 \u00fadaje v\u00a0objedn\u00e1vce, zejm\u00e9na pak po\u0161tovn\u00ed adresu, na kterou m\u00e1 b\u00fdt objednan\u00e9 zbo\u017e\u00ed odesl\u00e1no, kontakty pro up\u0159esn\u011bn\u00ed objedn\u00e1vky a\u00a0\u00fadaje o\u00a0sv\u00e9 plnoletosti.<\/li>\n<li>Kupuj\u00edc\u00ed je povinen odebrat objednan\u00e9 zbo\u017e\u00ed a\u00a0zaplatit celkovou cenu. S\u00a0celkovou cenou je z\u00e1kazn\u00edk srozum\u011bn p\u0159i vypl\u0148ov\u00e1n\u00ed objedn\u00e1vky je\u0161t\u011b p\u0159ed jej\u00edm z\u00e1vazn\u00fdm potvrzen\u00edm.<\/li>\n<li>Kupuj\u00edc\u00ed m\u00e1 pr\u00e1vo p\u00edsemn\u011b nebo e-mailem stornovat odeslanou objedn\u00e1vku dokud nezaplatil cenu zbo\u017e\u00ed a\u00a0neobdr\u017eel je\u0161t\u011b informaci o\u00a0tom, \u017ee zbo\u017e\u00ed je ji\u017e kupuj\u00edc\u00edmu p\u0159epravov\u00e1no.<\/li>\n<li>Kupuj\u00edc\u00ed m\u00e1 pr\u00e1vo na vymaz\u00e1n\u00ed sv\u00fdch osobn\u00edch \u00fadaj\u016f z\u00a0datab\u00e1ze, po\u017e\u00e1d\u00e1-li o\u00a0to p\u00edsemnou formou. Prod\u00e1vaj\u00edc\u00ed se t\u00edmto zavazuje nejpozd\u011bji do 3\u00a0dn\u016f od doru\u010den\u00ed p\u00edsemn\u00e9 \u017e\u00e1dosti ve\u0161ker\u00e9 \u00fadaje o\u00a0kupuj\u00edc\u00edm z\u00a0datab\u00e1ze vymazat.<\/li>\n<li>P\u0159i p\u0159eb\u00edr\u00e1n\u00ed z\u00e1silky od p\u0159epravn\u00ed spole\u010dnosti DPD v\u00a0p\u0159\u00edpad\u011b platby dob\u00edrkou je d\u016fle\u017eit\u00e9 si vy\u017e\u00e1dat doklad o\u00a0zaplacen\u00ed dob\u00edrkov\u00e9 \u010d\u00e1stky (d\u016fle\u017eit\u00e9 pro p\u0159\u00edpadn\u00e9 reklama\u010dn\u00ed \u0159\u00edzen\u00ed).<\/li>\n<\/ol>\n<p><em>VI. Ochrana osobn\u00edch \u00fadaj\u016f<\/em><\/p>\n<ol>\n<li>Informace o\u00a0z\u00e1kazn\u00edc\u00edch jsou uchov\u00e1v\u00e1ny v\u00a0souladu s\u00a0platn\u00fdmi z\u00e1kony \u010cesk\u00e9 republiky, zejm\u00e9na se z\u00e1konem o\u00a0ochran\u011b osobn\u00edch \u00fadaj\u016f \u010d. 101\/2000 Sb. ve\u00a0zn\u011bn\u00ed pozd\u011bj\u0161\u00edch dodatk\u016f a\u00a0p\u0159edpis\u016f. Kupuj\u00edc\u00ed vypln\u011bn\u00edm registra\u010dn\u00edho formul\u00e1\u0159e, \u010di z\u00e1vazn\u00e9 objedn\u00e1vky v\u00a0r\u00e1mci internetov\u00e9ho obchodu dudinwine.cz souhlas\u00ed se zpracov\u00e1n\u00edm a\u00a0shroma\u017e\u010fov\u00e1n\u00edm sv\u00fdch osobn\u00edch \u00fadaj\u016f v\u00a0datab\u00e1zi prod\u00e1vaj\u00edc\u00edho, a\u00a0to a\u017e do doby jeho p\u00edsemn\u00e9ho vyj\u00e1d\u0159en\u00ed nesouhlasu s\u00a0t\u00edmto zpracov\u00e1n\u00edm.<\/li>\n<li>Kupuj\u00edc\u00ed m\u00e1 pr\u00e1vo p\u0159\u00edstupu ke\u00a0sv\u00fdm osobn\u00edm \u00fadaj\u016fm za \u00fa\u010delem jejich kontroly a\u00a0opravy na z\u00e1klad\u011b p\u00edsemn\u00e9 \u017e\u00e1dosti doru\u010den\u00e9 provozovateli e-mailem, p\u0159\u00edp. listovn\u00ed z\u00e1silkou, pr\u00e1vo na jejich opravu v\u010detn\u011b dal\u0161\u00edch z\u00e1konn\u00fdch pr\u00e1v k\u00a0t\u011bmto \u00fadaj\u016fm. P\u0159\u00edstup kupuj\u00edc\u00edho ke\u00a0zpracov\u00e1van\u00fdm \u00fadaj\u016fm se uskute\u010d\u0148uje p\u00edsemn\u011b z\u00e1silkou zaslanou kupuj\u00edc\u00edmu do jeho vlastn\u00edch rukou. Osobn\u00ed \u00fadaje je mo\u017eno na z\u00e1klad\u011b p\u00edsemn\u00e9 \u017e\u00e1dosti z\u00e1kazn\u00edka odstranit z\u00a0datab\u00e1ze. Osobn\u00ed \u00fadaje z\u00e1kazn\u00edk\u016f jsou pln\u011b zabezpe\u010deny proti zneu\u017eit\u00ed. Osobn\u00ed \u00fadaje z\u00e1kazn\u00edk\u016f provozovatel nep\u0159ed\u00e1v\u00e1 \u017e\u00e1dn\u00e9 dal\u0161\u00ed osob\u011b. V\u00fdjimku p\u0159edstavuj\u00ed extern\u00ed dopravci, kter\u00fdm jsou osobn\u00ed \u00fadaje z\u00e1kazn\u00edk\u016f p\u0159ed\u00e1v\u00e1ny v\u00a0minim\u00e1ln\u00edm rozsahu, kter\u00fd je nutn\u00fd pro doru\u010den\u00ed zbo\u017e\u00ed.<\/li>\n<li>Jednotliv\u00e9 objedn\u00e1vky jsou provozovatelem archivov\u00e1ny, a\u00a0to ve\u00a0form\u011b elektronick\u00e9 a\u00a0jsou p\u0159\u00edstupn\u00e9 pouze provozovateli obchodu.<\/li>\n<li>Zpracov\u00e1v\u00e1ny jsou osobn\u00ed \u00fadaje o\u00a0z\u00e1kazn\u00edc\u00edch v\u00a0rozsahu <em>jm\u00e9no, p\u0159\u00edjmen\u00ed, email, adresa, telefon<\/em>\u00a0a\u00a0\u00fadaje o\u00a0n\u00e1kupech uskute\u010dn\u011bn\u00fdch z\u00e1kazn\u00edky v\u00a0rozsahu <em>datum objedn\u00e1vky, velikost objedn\u00e1vky, obsah objedn\u00e1vky.<\/em><\/li>\n<li>Obchodn\u00edm a\u00a0marketingov\u00fdm vyu\u017eit\u00edm zpracov\u00e1van\u00fdch \u00fadaj\u016f se rozum\u00ed vyu\u017eit\u00ed pro pot\u0159eby realizace konkr\u00e9tn\u00ed dod\u00e1vky kupuj\u00edc\u00edmu a\u00a0pro zas\u00edl\u00e1n\u00ed obchodn\u00edch sd\u011blen\u00ed kupuj\u00edc\u00edmu.<\/li>\n<\/ol>\n<p><em>VII.\u00a0Z\u00e1v\u011bre\u010dn\u00e1 ustanoven\u00ed<\/em><\/p>\n<ol>\n<li>Tyto obchodn\u00ed podm\u00ednky plat\u00ed ve\u00a0zn\u011bn\u00ed uveden\u00e9m na internetov\u00fdch str\u00e1nk\u00e1ch prod\u00e1vaj\u00edc\u00edho, v\u00a0den odesl\u00e1n\u00ed elektronick\u00e9 objedn\u00e1vky kupuj\u00edc\u00edm.<\/li>\n<li>Odesl\u00e1n\u00edm elektronick\u00e9 objedn\u00e1vky kupuj\u00edc\u00ed p\u0159ij\u00edm\u00e1 ve\u0161ker\u00e1 ustanoven\u00ed obchodn\u00edch podm\u00ednek ve\u00a0zn\u011bn\u00ed platn\u00e9m v\u00a0den odesl\u00e1n\u00ed objedn\u00e1vky, t\u00e9\u017e platnou cenu objednan\u00e9ho zbo\u017e\u00ed uvedenou v\u00a0katalogu internetov\u00e9ho obchodu dudinwine.cz, nebylo-li v\u00a0konkr\u00e9tn\u00edm p\u0159\u00edpad\u011b prokazateln\u011b dohodnuto jinak.<\/li>\n<\/ol>\n<p>&nbsp;<\/p>\n<p>&nbsp;<\/p>\n","protected":false},"excerpt":{"rendered":"<p>I. \u00davodn\u00ed ustanoven\u00ed Tyto obchodn\u00ed podm\u00ednky plat\u00ed pro n\u00e1kup v\u00a0internetov\u00e9m obchod\u011b www.dudinwine.cz. Podm\u00ednky bl\u00ed\u017ee vymezuj\u00ed a\u00a0up\u0159es\u0148uj\u00ed pr\u00e1va a\u00a0povinnosti prod\u00e1vaj\u00edc\u00edho (provozovatele) a\u00a0kupuj\u00edc\u00edho (z\u00e1kazn\u00edka). Provozovatelem internetov\u00e9ho obchodu je Foodbusiness s.r.o., se s\u00eddlem: Praha 5, Hole\u010dkova 789\/46, PS\u010c 150 00, I\u010cO: 01581325 Prost\u0159ednictv\u00edm katalogu zbo\u017e\u00ed, nach\u00e1zej\u00edc\u00edho se internetov\u00e9 adrese www.dudinwine.cz a\u00a0ur\u010den\u00e9ho k\u00a0objedn\u00e1v\u00e1n\u00ed ze\u00a0strany z\u00e1kazn\u00edk\u016f, \u010din\u00ed provozovatel z\u00e1kazn\u00edk\u016fm v\u00fdzvu [&hellip;]<\/p>\n","protected":false},"author":1,"featured_media":0,"parent":0,"menu_order":0,"comment_status":"closed","ping_status":"closed","template":"","meta":[],"_links":{"self":[{"href":"https:\/\/www.dudinwine.cz\/index.php?rest_route=\/wp\/v2\/pages\/353"}],"collection":[{"href":"https:\/\/www.dudinwine.cz\/index.php?rest_route=\/wp\/v2\/pages"}],"about":[{"href":"https:\/\/www.dudinwine.cz\/index.php?rest_route=\/wp\/v2\/types\/page"}],"author":[{"embeddable":true,"href":"https:\/\/www.dudinwine.cz\/index.php?rest_route=\/wp\/v2\/users\/1"}],"replies":[{"embeddable":true,"href":"https:\/\/www.dudinwine.cz\/index.php?rest_route=%2Fwp%2Fv2%2Fcomments&post=353"}],"version-history":[{"count":1,"href":"https:\/\/www.dudinwine.cz\/index.php?rest_route=\/wp\/v2\/pages\/353\/revisions"}],"predecessor-version":[{"id":354,"href":"https:\/\/www.dudinwine.cz\/index.php?rest_route=\/wp\/v2\/pages\/353\/revisions\/354"}],"wp:attachment":[{"href":"https:\/\/www.dudinwine.cz\/index.php?rest_route=%2Fwp%2Fv2%2Fmedia&parent=353"}],"curies":[{"name":"wp","href":"https:\/\/api.w.org\/{rel}","templated":true}]}}