{"id":5,"date":"2013-11-21T20:18:38","date_gmt":"2013-11-21T19:18:38","guid":{"rendered":"http:\/\/www.dudinwine.cz\/?page_id=5"},"modified":"2014-05-26T12:27:21","modified_gmt":"2014-05-26T10:27:21","slug":"o-nas","status":"publish","type":"page","link":"https:\/\/www.dudinwine.cz\/?page_id=5","title":{"rendered":"O N\u00c1S"},"content":{"rendered":"<p style=\"text-align: justify;\"><a href=\"http:\/\/www.dudinwine.cz\/wp-content\/uploads\/2013\/11\/dudin_winery_firma.jpg\"><img loading=\"lazy\" class=\" wp-image-40 alignleft\" style=\"margin-left: 10px; margin-right: 10px;\" src=\"http:\/\/www.dudinwine.cz\/wp-content\/uploads\/2013\/11\/dudin_winery_firma.jpg\" alt=\"dudin_winery_firma\" width=\"210\" height=\"140\" \/><\/a><\/p>\n<p><b>O N\u00c1S<\/b><\/p>\n<p style=\"text-align: justify;\">Vina\u0159stv\u00ed \u201eDUDIN\u201c bylo zalo\u017eeno v\u00a0roce 1989, a le\u017e\u00ed v\u00a0srdc\u00ed centr\u00e1ln\u00ed Makedonie, vina\u0159sk\u00e1 oblast Tikve\u0161, p\u0159\u00edmo na b\u0159ehu \u0159eky Vardar, zn\u00e1me tak\u00e9 jako Povardarie. Pobl\u00ed\u017e se nach\u00e1z\u00ed archeologick\u00e9 nalezi\u0161t\u011b \u201eStobi\u201c s\u00a0n\u00e1lezy z\u00a0druh\u00e9ho stolet\u00ed p\u0159ed na\u0161im letopo\u010dtem, kde jsou d\u016fkazy, \u017ee m\u00edstn\u00ed lide u\u017e tehdy oslavovali dary \u017eivota, a dr\u017eeli v\u00a0rukou kalichy vinn\u00e9ho moku z\u00a0hrozn\u016f a vinic tehdej\u0161\u00ed doby.<\/p>\n<p style=\"text-align: justify;\">Vina\u0159stv\u00ed pat\u0159i rodin\u011b Dudin a je odkazem na historii v\u00fdroby v\u00edna u\u017e od d\u00e1vn\u00fdch \u010das\u016f jej\u00edch p\u0159edk\u016f. Vina\u0159stv\u00ed pro\u0161lo kompletn\u00ed modernizaci v\u00a0roce 2004, a bylo vybaveno nejnov\u011bj\u0161\u00ed a nejmodern\u011bj\u0161\u00ed technologii na v\u00fdrobu v\u00edna. Vina\u0159stv\u00ed m\u00e1 za c\u00edl vyr\u00e1b\u011bt vysoce kvalitn\u00ed v\u00edna, pro del\u0161\u00ed dobu zran\u00ed a konzumaci. V\u00edna se vyr\u00e1b\u00ed z\u00a0celosv\u011btov\u011b zn\u00e1m\u00fdch odr\u016fd jako je: Merlot, Cabernet Sauvignon, Chardonnay, Sauvignon Blanc, Riesling. Vina\u0159stv\u00ed vyr\u00e1b\u00ed tak\u00e9 svoji exklusivn\u00ed \u0159adu v\u00edn Barrique z\u00a0odr\u016fd: Merlot, Cabernet Sauvignon a Chardonnay s\u00a0n\u00e1zvem <i>AKRATO<\/i>, co\u017e v\u00a0p\u0159ekladu ve staromakedonsk\u00e9m jazyce znamen\u00e1 <i>\u010dist\u00e9 v\u00edno<\/i>. \u00a0Nejlep\u0161\u00edm potvrzen\u00edm o kvalit\u011b v\u00edn vina\u0159stv\u00ed \u201eDUDIN\u201c jsou certifik\u00e1ty a medaile, kter\u00e9 z\u00edskaly na konan\u00fdch akc\u00edch jak v\u00a0Makedonii, tak v\u00a0Evrop\u011b a po cel\u00fdm sv\u011bt\u011b. Velk\u00e9 zlat\u00e9 medaile ve Skopje, b\u00edl\u00e9 v\u00edno \u0161ampion\u016f v\u00a0Negotin\u011b, zlat\u00e9 medaile za v\u0161echny v\u00edna v\u00a0Kavadarci. Nejv\u00fdznamn\u011bj\u0161\u00ed ocen\u011bn\u00ed je bronzov\u00e1 medaile ve Franci na <i>\u201eChardonnay du Mond\u201c <\/i>\u00a0za v\u00edno Akrato Chardonnay Barrique a zlat\u00e1 medaile v\u00a0\u010cin\u011b za v\u00edno Akrato Merlot Barrique. Se z\u00e1m\u011brem nab\u00eddnout to nejlep\u0161\u00ed pro konzumenty, dr\u017e\u00ed Vina\u0159stv\u00ed Dudin krok se sv\u011btov\u00fdmi trendy, a z\u00e1stupci vina\u0159stv\u00ed jsou \u010dast\u00fdmi n\u00e1v\u0161t\u011bvn\u00edky vinn\u00fdch veletrhu po cel\u00fdm sv\u011bt\u011b, nevyj\u00edmaje veletrhu \u201e V\u00edno &amp; Delikatesy\u201c v\u00a0\u010desk\u00e9 metropoli Praha.<\/p>\n<p style=\"text-align: justify;\">Kvalitn\u00ed p\u016fda a klimat poskytuje p\u0159\u00edzniv\u00e9 podm\u00ednky pro p\u011bstov\u00e1n\u00ed vinn\u00fdch odr\u016fd a produkc\u00ed vysoce kvalitn\u00edch v\u00edn. V\u00a0letn\u00edm obdob\u00ed od \u010dervna a\u017e do srpna je horko s\u00a0pr\u016fm\u011brnou teplotou 25 stup\u0148\u016f celsia, a na podzim je slune\u010dno a pr\u0161\u00ed velmi z\u0159\u00eddka. Tyto podm\u00ednky jsou p\u0159\u00edzniv\u00e9 pro hromad\u011bn\u00ed cukru a rovnov\u00e1hu mezi cukrem a kyselinou.<\/p>\n<p style=\"text-align: justify;\">Vina\u0159stv\u00ed m\u00e1 kapacitu 500\u00a0000 litr\u016f v\u00edna, kterou zapl\u0148uje \u010d\u00e1ste\u010dn\u011b z\u00a0vlastn\u00edch plant\u00e1\u017e a \u010d\u00e1ste\u010dn\u011b z hrozn\u016f od m\u00edstn\u00edch p\u011bstitel\u016f s\u00a0nim\u017e m\u00e1 vina\u0159stv\u00ed vynikaj\u00edc\u00ed a dlouhodobou spolupr\u00e1ci. Cel\u00fd proces produkce hrozn\u016f a\u017e po jej\u00edch kone\u010dn\u00e9 zpracov\u00e1n\u00ed je pe\u010dliv\u011b \u0159\u00edzen profesion\u00e1ln\u00edm t\u00fdmem z\u00a0vina\u0159stv\u00ed Dudin. Na\u0161e v\u00edna jsou zastoupena na m\u00edstn\u00edm trhu a m\u016f\u017eeme je nal\u00e9zt po cel\u00e9 Makedonsk\u00e9 republice ve vybran\u00fdch prodejn\u00e1ch, restaurac\u00edch, hotelech \u010di jin\u00fdch rekrea\u010dn\u00edch za\u0159\u00edzen\u00edch. N\u00e1\u0161 t\u00fdm prodejc\u016f vyv\u00edj\u00ed neust\u00e1le \u00fasil\u00ed a dosahuje v\u00fdborn\u00e9 v\u00fdsledky na poli zahrani\u010dn\u00edho obchodu, a proto na\u0161e v\u00edna m\u016f\u017eete nal\u00e9zt tak\u00e9 v\u00a0sousedn\u00edch st\u00e1tech jako: Srbsko, Chorvatsko, Slovinsko, d\u00e1le Rakousko a N\u011bmecko a nov\u011b tak\u00e9 v\u00a0\u010cesk\u00e9 Republice a Polsku. V\u00edno prod\u00e1v\u00e1me tak\u00e9 do Zamo\u0159\u00ed v\u00a0zem\u00edch jako je: Amerika, Kanada a \u010cina.<\/p>\n<p style=\"text-align: justify;\">V\u00edno \u201eDUDIN\u201c spojuje minulost a budoucnost, l\u00e1ska kter\u00e1 je v\u011bnovan\u00e1 tradic\u00edm star\u00fdch mistr\u016f v\u00a0harmonii se sou\u010dasn\u00fdmi znalostmi a technologii dok\u00e1\u017ee tento z\u00e1zra\u010dn\u00fd mok uchovat do l\u00e1hve, l\u00e1hve pln\u00e9 v\u00e1\u0161n\u011b a \u017eivota.<\/p>\n<p>&nbsp;<\/p>\n<p style=\"text-align: justify;\"><a href=\"http:\/\/www.dudinwine.cz\/wp-content\/uploads\/2013\/11\/dudin-lozje.jpg\"><img loading=\"lazy\" class=\"alignnone  wp-image-65\" src=\"http:\/\/www.dudinwine.cz\/wp-content\/uploads\/2013\/11\/dudin-lozje.jpg\" alt=\"dudin-lozje\" width=\"193\" height=\"137\" \/><\/a>\u00a0<img loading=\"lazy\" class=\"alignnone  wp-image-72\" src=\"http:\/\/www.dudinwine.cz\/wp-content\/uploads\/2013\/11\/macedonia_map_dudin.png\" alt=\"macedonia_map_dudin\" width=\"171\" height=\"136\" \/><a href=\"http:\/\/www.dudinwine.cz\/wp-content\/uploads\/2013\/11\/dudin_barique2.jpg\"><img loading=\"lazy\" class=\"alignnone wp-image-63\" src=\"http:\/\/www.dudinwine.cz\/wp-content\/uploads\/2013\/11\/dudin_barique2.jpg\" alt=\"dudin_barique2\" width=\"194\" height=\"137\" \/><\/a>\u00a0<a href=\"http:\/\/www.dudinwine.cz\/wp-content\/uploads\/2013\/11\/dudin_winery_3.jpg\"><img loading=\"lazy\" class=\"alignnone wp-image-64\" src=\"http:\/\/www.dudinwine.cz\/wp-content\/uploads\/2013\/11\/dudin_winery_3.jpg\" alt=\"dudin_winery_3\" width=\"194\" height=\"137\" \/><\/a><\/p>\n","protected":false},"excerpt":{"rendered":"<p>O N\u00c1S Vina\u0159stv\u00ed \u201eDUDIN\u201c bylo zalo\u017eeno v\u00a0roce 1989, a le\u017e\u00ed v\u00a0srdc\u00ed centr\u00e1ln\u00ed Makedonie, vina\u0159sk\u00e1 oblast Tikve\u0161, p\u0159\u00edmo na b\u0159ehu \u0159eky Vardar, zn\u00e1me tak\u00e9 jako Povardarie. Pobl\u00ed\u017e se nach\u00e1z\u00ed archeologick\u00e9 nalezi\u0161t\u011b \u201eStobi\u201c s\u00a0n\u00e1lezy z\u00a0druh\u00e9ho stolet\u00ed p\u0159ed na\u0161im letopo\u010dtem, kde jsou d\u016fkazy, \u017ee m\u00edstn\u00ed lide u\u017e tehdy oslavovali dary \u017eivota, a dr\u017eeli v\u00a0rukou kalichy vinn\u00e9ho moku z\u00a0hrozn\u016f [&hellip;]<\/p>\n","protected":false},"author":1,"featured_media":0,"parent":0,"menu_order":10,"comment_status":"closed","ping_status":"closed","template":"","meta":[],"_links":{"self":[{"href":"https:\/\/www.dudinwine.cz\/index.php?rest_route=\/wp\/v2\/pages\/5"}],"collection":[{"href":"https:\/\/www.dudinwine.cz\/index.php?rest_route=\/wp\/v2\/pages"}],"about":[{"href":"https:\/\/www.dudinwine.cz\/index.php?rest_route=\/wp\/v2\/types\/page"}],"author":[{"embeddable":true,"href":"https:\/\/www.dudinwine.cz\/index.php?rest_route=\/wp\/v2\/users\/1"}],"replies":[{"embeddable":true,"href":"https:\/\/www.dudinwine.cz\/index.php?rest_route=%2Fwp%2Fv2%2Fcomments&post=5"}],"version-history":[{"count":31,"href":"https:\/\/www.dudinwine.cz\/index.php?rest_route=\/wp\/v2\/pages\/5\/revisions"}],"predecessor-version":[{"id":322,"href":"https:\/\/www.dudinwine.cz\/index.php?rest_route=\/wp\/v2\/pages\/5\/revisions\/322"}],"wp:attachment":[{"href":"https:\/\/www.dudinwine.cz\/index.php?rest_route=%2Fwp%2Fv2%2Fmedia&parent=5"}],"curies":[{"name":"wp","href":"https:\/\/api.w.org\/{rel}","templated":true}]}}