{"id":281,"date":"2014-05-14T14:00:21","date_gmt":"2014-05-14T12:00:21","guid":{"rendered":"http:\/\/www.dudinwine.cz\/?post_type=product&#038;p=281"},"modified":"2014-05-26T11:13:58","modified_gmt":"2014-05-26T09:13:58","slug":"akrato-barrique-cabernet-sauvignon","status":"publish","type":"product","link":"https:\/\/www.dudinwine.cz\/?product=akrato-barrique-cabernet-sauvignon","title":{"rendered":"AKRATO BARRIQUE CABERNET SAUVIGNON"},"content":{"rendered":"<h4>Kvalitn\u00ed such\u00e9 \u010derven\u00e9 v\u00edno, vyroben\u00e9 z odr\u016fdy Cabernet Sauvignon. Zr\u00e1j\u00edc\u00ed patnact m\u011bs\u00edc\u016f v dubov\u00fdch sudech. M\u00e1 aroma d\u017eemu a suchych list\u016f. V\u00edno s nadech\u00e9m bor\u016fvek a vanilky. Hladk\u00e1, sametov\u00e1 a dlouhotrvaj\u00edc\u00ed chu\u0165.<\/h4>\n","protected":false},"excerpt":{"rendered":"<h4>Produkt: Kvalitn\u00ed such\u00e9 \u010derven\u00e9 v\u00edno<\/h4>\n<h4>P\u016fvod: Vina\u0159sk\u00e1 oblast Tikve\u0161 Makedonie P\u016fvod: Vina\u0159sk\u00e1 oblast Tikve\u0161 Makedonie<\/h4>\n<p>Odr\u016fda: Akrato Barrique Cabernet<\/p>\n<h4>Obsah: 0.75 l<\/h4>\n<p>12 m\u011bs\u00edc\u016f odle\u017eel\u00e9 v dubov\u00fdch sudech<\/p>\n<h4>Balen\u00ed: 6 l\u00e1hvi v krabici<\/h4>\n<p>Obsah: 0.75 l<\/p>\n","protected":false},"featured_media":313,"comment_status":"closed","ping_status":"closed","template":"","meta":[],"_links":{"self":[{"href":"https:\/\/www.dudinwine.cz\/index.php?rest_route=\/wp\/v2\/product\/281"}],"collection":[{"href":"https:\/\/www.dudinwine.cz\/index.php?rest_route=\/wp\/v2\/product"}],"about":[{"href":"https:\/\/www.dudinwine.cz\/index.php?rest_route=\/wp\/v2\/types\/product"}],"replies":[{"embeddable":true,"href":"https:\/\/www.dudinwine.cz\/index.php?rest_route=%2Fwp%2Fv2%2Fcomments&post=281"}],"wp:featuredmedia":[{"embeddable":true,"href":"https:\/\/www.dudinwine.cz\/index.php?rest_route=\/wp\/v2\/media\/313"}],"wp:attachment":[{"href":"https:\/\/www.dudinwine.cz\/index.php?rest_route=%2Fwp%2Fv2%2Fmedia&parent=281"}],"curies":[{"name":"wp","href":"https:\/\/api.w.org\/{rel}","templated":true}]}}