{"id":295,"date":"2014-05-17T11:34:28","date_gmt":"2014-05-17T09:34:28","guid":{"rendered":"http:\/\/www.dudinwine.cz\/?post_type=product&#038;p=295"},"modified":"2020-11-09T10:06:52","modified_gmt":"2020-11-09T09:06:52","slug":"merlot","status":"publish","type":"product","link":"https:\/\/www.dudinwine.cz\/?product=merlot","title":{"rendered":"MERLOT"},"content":{"rendered":"<h4>V\u00edno vyroben\u00e9 z pe\u010dliv\u011b vybran\u00fdch hrozn\u016f s technologi\u00ed dlouh\u00e9ho vegeta\u010dn\u00edho obdob\u00ed. To m\u00e1 kr\u00e1snou \u010dervenou barvu s fialov\u00fdm st\u00ednem. V\u00fdrazn\u00e1 chu\u0165 bor\u016fvek a zral\u00e9 t\u0159e\u0161n\u011b. Chu\u0165 je pln\u00e1 a jemn\u00e1, elegantn\u00ed a dlouhotrvaj\u00edc\u00ed.<\/h4>\n","protected":false},"excerpt":{"rendered":"<h4>Produkt: Kvalitn\u00ed such\u00e9 \u010derven\u00e9 v\u00edno<\/h4>\n<h4>P\u016fvod: Vina\u0159sk\u00e1 oblast Tikve\u0161 Makedonie P\u016fvod: Vina\u0159sk\u00e1 oblast Tikve\u0161 Makedonie<\/h4>\n<p>Odr\u016fda: Merlot<\/p>\n<p>Obsah: 0.75 l<\/p>\n<p>Balen\u00ed: 6 l\u00e1hvi v krabici<\/p>\n","protected":false},"featured_media":296,"comment_status":"closed","ping_status":"closed","template":"","meta":[],"_links":{"self":[{"href":"https:\/\/www.dudinwine.cz\/index.php?rest_route=\/wp\/v2\/product\/295"}],"collection":[{"href":"https:\/\/www.dudinwine.cz\/index.php?rest_route=\/wp\/v2\/product"}],"about":[{"href":"https:\/\/www.dudinwine.cz\/index.php?rest_route=\/wp\/v2\/types\/product"}],"replies":[{"embeddable":true,"href":"https:\/\/www.dudinwine.cz\/index.php?rest_route=%2Fwp%2Fv2%2Fcomments&post=295"}],"wp:featuredmedia":[{"embeddable":true,"href":"https:\/\/www.dudinwine.cz\/index.php?rest_route=\/wp\/v2\/media\/296"}],"wp:attachment":[{"href":"https:\/\/www.dudinwine.cz\/index.php?rest_route=%2Fwp%2Fv2%2Fmedia&parent=295"}],"curies":[{"name":"wp","href":"https:\/\/api.w.org\/{rel}","templated":true}]}}