{"id":299,"date":"2014-05-17T11:37:33","date_gmt":"2014-05-17T09:37:33","guid":{"rendered":"http:\/\/www.dudinwine.cz\/?post_type=product&#038;p=299"},"modified":"2020-11-09T10:04:12","modified_gmt":"2020-11-09T09:04:12","slug":"roze","status":"publish","type":"product","link":"https:\/\/www.dudinwine.cz\/?product=roze","title":{"rendered":"ROZ\u00c9"},"content":{"rendered":"<h4>V\u00edno vyr\u00e1b\u00ed se z pe\u010dliv\u011b vybran\u00fdch hrozn\u016f Cabernet Sauvignon. M\u00e1 jemnou r\u016f\u017eovou barvu a jedine\u010dnou chu\u0165 jahod a malin. Harmonick\u00e1 a elegantn\u00ed chu\u0165, kter\u00e1 na dlouho z\u016fstane ve V\u00e1\u0161i pam\u011bti.<\/h4>\n","protected":false},"excerpt":{"rendered":"<h2>Produkt: Kvalitn\u00ed such\u00e9 \u010derven\u00e9 v\u00edno<\/h2>\n<h2>P\u016fvod: Vina\u0159sk\u00e1 oblast Tikve\u0161 Makedonie<\/h2>\n<h2>Odr\u016fda: Muscat Frotignan-Temjanika Odr\u016fda: Roze<\/h2>\n<h2>Obsah: 0.75 l<\/h2>\n<h2>Balen\u00ed: 6 l\u00e1hvi v krabici<\/h2>\n<h4><\/h4>\n","protected":false},"featured_media":310,"comment_status":"closed","ping_status":"closed","template":"","meta":[],"_links":{"self":[{"href":"https:\/\/www.dudinwine.cz\/index.php?rest_route=\/wp\/v2\/product\/299"}],"collection":[{"href":"https:\/\/www.dudinwine.cz\/index.php?rest_route=\/wp\/v2\/product"}],"about":[{"href":"https:\/\/www.dudinwine.cz\/index.php?rest_route=\/wp\/v2\/types\/product"}],"replies":[{"embeddable":true,"href":"https:\/\/www.dudinwine.cz\/index.php?rest_route=%2Fwp%2Fv2%2Fcomments&post=299"}],"wp:featuredmedia":[{"embeddable":true,"href":"https:\/\/www.dudinwine.cz\/index.php?rest_route=\/wp\/v2\/media\/310"}],"wp:attachment":[{"href":"https:\/\/www.dudinwine.cz\/index.php?rest_route=%2Fwp%2Fv2%2Fmedia&parent=299"}],"curies":[{"name":"wp","href":"https:\/\/api.w.org\/{rel}","templated":true}]}}